{"id":62,"date":"2014-06-07T20:20:37","date_gmt":"2014-06-07T20:20:37","guid":{"rendered":"https:\/\/www.schedas.com\/?page_id=62"},"modified":"2024-04-03T17:39:28","modified_gmt":"2024-04-03T17:39:28","slug":"aviso-legal-y-privacidad","status":"publish","type":"page","link":"https:\/\/www.schedas.com\/?page_id=62","title":{"rendered":"Aviso legal y privacidad"},"content":{"rendered":"<h3>CONDICIONES DE UTILIZACI\u00d3N<\/h3>\n<h3>ACEPTACI\u00d3N DE LAS CONDICIONES<\/h3>\n<p>SCHEDAS, S.L. pone a disposici\u00f3n de sus usuarios en este sitio un conjunto de informaciones, cat\u00e1logos, archivos y documentos as\u00ed como varios servicios cuyo uso est\u00e1 sujeto a los t\u00e9rminos y condiciones contenidos en este documento. El hecho de acceder a este sitio implica que usted acepta todas y cada una de estas condiciones de utilizaci\u00f3n. SCHEDAS, S.L se reserva el derecho de modificar peri\u00f3dicamente estas condiciones si as\u00ed lo estima conveniente. El uso que usted haga de este sitio siempre estar\u00e1 sujeto a las m\u00e1s recientes condiciones de utilizaci\u00f3n que est\u00e9n incluidas en el propio sitio en el momento de su utilizaci\u00f3n. El uso de cualquier material o servicio contenido en este sitio se realizar\u00e1 de acuerdo con las normas y condiciones espec\u00edficas de cada material o servicio, adem\u00e1s de las normas contenidas en estas condiciones de utilizaci\u00f3n. El incumplimiento de cualquiera de las condiciones de utilizaci\u00f3n implica la terminaci\u00f3n inmediata de su autorizaci\u00f3n para utilizarlo y la obligaci\u00f3n de destruir cualquier material que hubiera sido descargado o impreso desde este sitio.<\/p>\n<h3>DERECHOS DE PROPIEDAD<\/h3>\n<p>Los materiales y servicios accesibles en este sitio est\u00e1n protegidos por copyright, derechos de autor y propiedad, y\/o por las normas legales que garantizan la propiedad intelectual, de modo que cualquier uso no autorizado de estos materiales o servicios puede suponer una violaci\u00f3n de tales leyes. Excepto por lo que aqu\u00ed se indique expresamente, ni SCHEDAS, S.L. ni sus proveedores le garantizan de modo expl\u00edcito o impl\u00edcito ning\u00fan derecho sobre cualquier patente, copyrights, derechos de marcas o informaci\u00f3n de negocios confidencial con respecto a los materiales o servicios.<\/p>\n<h3>USO DE LA INFORMACI\u00d3N DEL SITIO<\/h3>\n<p>Excepto que se indique otra cosa en un lugar distinto de este sitio, est\u00e1 permitido ver, descargar e imprimir los documentos y la informaci\u00f3n disponible siempre que se realice de acuerdo con las siguientes condiciones: No est\u00e1 permitido eliminar el copyright ni ning\u00fan otro aviso sobre la propiedad que est\u00e9 contenido en los documentos e informaci\u00f3n. SCHEDAS, S.L. se reserva el derecho de revocar en cualquier momento la autorizaci\u00f3n para ver, descargar e imprimir los documentos y la informaci\u00f3n disponible en este sitio, y el uso de tales objetos dejar\u00e1 de ser accesible inmediatamente. Los derechos especificados anteriormente de visualizaci\u00f3n, impresi\u00f3n y descarga de los documentos e informaci\u00f3n disponible en este sitio no son aplicables a su maqueta ni dise\u00f1o. Todos los elementos de este sitio est\u00e1n protegidos por las leyes relativas al derecho de propiedad y no pueden ser copiados ni plagiados ni en parte ni en su totalidad.<\/p>\n<h3>GARANT\u00cdAS Y LIMITACIONES<\/h3>\n<p>Excepto lo que expresamente se\u00f1ale un acuerdo escrito entre usted y SCHEDAS, S.L., o lo que no sea aplicable por ley, todos los materiales y servicios de este sitio son facilitados &#8220;tal cual&#8221;, sin garant\u00eda de ning\u00fan tipo, ni expl\u00edcita ni impl\u00edcita, incluyendo, pero no limitando, las garant\u00edas impl\u00edcitas de comerciabilidad, adecuaci\u00f3n a fines particulares o no incumplimiento. De modo ilimitado, SCHEDAS, S.L. no se hace responsable ni facilita ninguna garant\u00eda sobre: (i) que los servicios y productos satisfagan sus necesidades (ii) que los servicios y materiales est\u00e9n disponibles sin interrupci\u00f3n, sean oportunos, seguros, o est\u00e9n libres de errores (iii) que los resultados que pueda obtener de su uso sean eficaces, exactos y precisos (iv) que la calidad de todos los productos o servicios obtenidos en este sitio sea la que usted espera. Este sitio puede contener errores t\u00e9cnicos o de otro tipo, inexactitudes o errores tipogr\u00e1ficos. SCHEDAS, S.L. Podr\u00e1 realizar en cualquier momento y sin previo aviso cambios en los materiales o servicios de este sitio, incluyendo los precios y la descripci\u00f3n de los productos aqu\u00ed contenidos. Los materiales y servicios de este sitio pueden no estar al d\u00eda sin que SCHEDAS, S.L. asuma la obligaci\u00f3n de mantenerlos actualizados. En ning\u00fan caso ni SCHEDAS, S.L. ni sus proveedores ser\u00e1n responsables ante usted o terceras partes por cualquier deterioro de cualquier tipo, directo o indirecto, especial, incidental, o consecuente, incluyendo, pero no limitando, los da\u00f1os resultantes de la p\u00e9rdida de datos o beneficios, independientemente de que SCHEDAS, S.L. hubiera avisado o no de estos riesgos en la utilizaci\u00f3n de los productos o servicios de este sitio, ni en los de otras compa\u00f1\u00edas que aqu\u00ed se mencionen. La descarga de cualquier material de este sitio se realiza bajo la propia responsabilidad y riesgo del usuario, de modo que usted acepta ser el \u00fanico responsable de los da\u00f1os o p\u00e9rdida de datos que puedan producirse en su sistema inform\u00e1tico como resultado de la descarga o adquisici\u00f3n de estos materiales. Este sitio contiene v\u00ednculos con sitios en Internet de otras compa\u00f1\u00edas que no se encuentran bajo el control de SCHEDAS, S.L. SCHEDAS, S.L. no es responsable de los otros sitios a los que usted pueda acceder desde el sitio www.schedas.com. Por ello, si usted decide visitar tales sitios lo hace bajo su riesgo y responsabilidad, sin que SCHEDAS, S.L. asuma responsabilidad alguna por la seguridad o exactitud de ninguna informaci\u00f3n, datos, opiniones, consejos o manifestaciones de estos sitios, ni de la calidad de los productos o servicios que en tales sitios se ofrezcan. SCHEDAS, S.L. incluye los v\u00ednculos con otros sitios como un servicio pr\u00e1ctico, pero ello no implica de ninguna manera que SCHEDAS, S.L. garantice o acepte responsabilidad alguna en relaci\u00f3n con el contenido o uso de tales sitios.<\/p>\n<h3>INFORMACIONES CONFIDENCIALES<\/h3>\n<p>Si desea tener informaci\u00f3n sobre la protecci\u00f3n de su informaci\u00f3n personal, por favor lea nuestra Pol\u00edtica de confidencialidad.<\/p>\n<h3>LEYES Y DISPOSICIONES APLICABLES<\/h3>\n<p>Este sitio (con exclusi\u00f3n de sus v\u00ednculos) est\u00e1 controlado por SCHEDAS, S.L. cuya sede est\u00e1 en la direcci\u00f3n Gaztambide, 26, pasadizo izquierdo, local 7, 28015 Madrid (Espa\u00f1a), de manera que, por el hecho de acceder al mismo, usted y SCHEDAS, S.L. acuerdan que todos los asuntos relacionados con su acceso y uso de este sitio sean regulados por la legislaci\u00f3n de Espa\u00f1a con exclusi\u00f3n de cualquiera otra normativa nacional o internacional. Todos los litigios relativos a las Condiciones de utilizaci\u00f3n ser\u00e1n juzgados por los tribunales competentes de Madrid, Espa\u00f1a. SCHEDAS, S.L. se reserva el derecho de ejercer las acciones legales que estime oportunas. SCHEDAS, S.L. no es responsable de si los contenidos de su sitio www.schedas.com son apropiados o est\u00e1n disponibles para su uso en otros lugares, ni que se pueda acceder a ellos en lugares donde tales contenidos sean ilegales o est\u00e9n prohibidos. Aquellos que accedan a este sitio desde esos lugares lo hacen por propia iniciativa y s\u00f3lo a ellos les incumbe el respeto de las leyes locales.<\/p>\n<h3>DERECHOS DE MARCA<\/h3>\n<p>Las marcas y logotipos que aparecen en este sitio son propiedad de SCHEDAS, S.L. o de terceras partes. Est\u00e1 prohibida la utilizaci\u00f3n de estas marcas sin la previa autorizaci\u00f3n escrita de SCHEDAS, S.L, o de las terceras partes propietarias de las marcas.<\/p>\n<hr \/>\n<p>Con el nuevo Reglamento Europeo de Protecci\u00f3n de datos, nuestros usuarios tienen derecho a: \u00a0 <img decoding=\"async\" loading=\"lazy\" class=\"alignnone wp-image-488 size-full\" src=\"https:\/\/www.schedas.com\/wp-content\/uploads\/2014\/06\/derechos.jpg\" alt=\"derechos\" width=\"900\" height=\"1698\" srcset=\"https:\/\/www.schedas.com\/wp-content\/uploads\/2014\/06\/derechos.jpg 900w, https:\/\/www.schedas.com\/wp-content\/uploads\/2014\/06\/derechos-159x300.jpg 159w, https:\/\/www.schedas.com\/wp-content\/uploads\/2014\/06\/derechos-542x1024.jpg 542w, https:\/\/www.schedas.com\/wp-content\/uploads\/2014\/06\/derechos-212x400.jpg 212w, https:\/\/www.schedas.com\/wp-content\/uploads\/2014\/06\/derechos-100x188.jpg 100w, https:\/\/www.schedas.com\/wp-content\/uploads\/2014\/06\/derechos-150x283.jpg 150w, https:\/\/www.schedas.com\/wp-content\/uploads\/2014\/06\/derechos-200x377.jpg 200w, https:\/\/www.schedas.com\/wp-content\/uploads\/2014\/06\/derechos-300x566.jpg 300w, https:\/\/www.schedas.com\/wp-content\/uploads\/2014\/06\/derechos-450x849.jpg 450w, https:\/\/www.schedas.com\/wp-content\/uploads\/2014\/06\/derechos-600x1132.jpg 600w\" sizes=\"(max-width: 900px) 100vw, 900px\" \/><\/p>\n<h2>POL\u00cdTICA DE CONFIDENCIALIDAD<\/h2>\n<p>En nuestro af\u00e1n por respetar la privacidad de todos los usuarios, hemos elaborado esta pol\u00edtica de confidencialidad para el uso de aquellos datos obtenidos a trav\u00e9s de nuestras p\u00e1ginas en Internet. Esta pol\u00edtica se encuentra reflejada en las siguientes normas, que pueden ser actualizadas peri\u00f3dicamente, por lo que los usuarios deber\u00e1n leer las mismas cada vez que accedan al sitio. Ud. podr\u00e1 decidir libre y voluntariamente si desea suministrar informaci\u00f3n a SCHEDAS, S.L., en ocasi\u00f3n de la suscripci\u00f3n o alta en alguno de los servicios y\/o promociones ofrecidos por medio de sus distintos sitios en Internet. En cumplimiento de la Ley Org\u00e1nica 15\/1999 de 13 de diciembre de Protecci\u00f3n de Datos de Car\u00e1cter Personal (LOPD), SCHEDAS, S.L. comunica a usuarios y visitantes las siguientes consideraciones:<\/p>\n<h4>Tipo de informaci\u00f3n solicitada<\/h4>\n<p>Al registrarse para recibir nuestros servicios, usted proporcionar\u00e1 voluntariamente la informaci\u00f3n personal que se le solicite en cada caso. Tambi\u00e9n le ser\u00e1 solicitada dicha informaci\u00f3n en otras oportunidades, como por ejemplo, cuando participe en promociones auspiciadas por SCHEDAS, S.L.<\/p>\n<h4>Finalidad de la recopilaci\u00f3n de datos<\/h4>\n<p>El prop\u00f3sito de SCHEDAS, S.L. al reunir informaci\u00f3n personal de sus usuarios, es ofrecer un servicio lo m\u00e1s personalizado posible. Gracias a esta informaci\u00f3n SCHEDAS, S.L. estar\u00e1 en condiciones de brindarle un mejor servicio, con contenidos acordes con sus necesidades e intereses.<\/p>\n<h4>Confidencialidad de la informaci\u00f3n<\/h4>\n<p>SCHEDAS, S.L. no revelar\u00e1 los datos personales que puedan servir para identificarlo en forma individual, incluida la informaci\u00f3n que vincule su nombre de usuario en el sitio www.schedas.com con su verdadero nombre, excepto que tenga su expresa autorizaci\u00f3n, o cuando le fuera requerido por orden judicial o legal, o para proteger derechos de SCHEDAS, S.L. Los acuerdos espec\u00edficos de aceptaci\u00f3n de condiciones por parte de los usuarios, y las reglas de los concursos y las promociones, tambi\u00e9n pueden incluir detalles sobre el uso compartido de la informaci\u00f3n. SCHEDAS, S.L. puede divulgar estad\u00edsticas globales de los usuarios para describir nuestros servicios a los socios potenciales, anunciantes y otros terceros, o para otros fines leg\u00edtimos. Los empresarios, patrocinadores y otros socios a los cuales se acceda a trav\u00e9s del sitio www.schedas.com, pueden tener pr\u00e1cticas independientes de privacidad y recopilaci\u00f3n de datos. SCHEDAS, S.L. no se hace responsable de sus pol\u00edticas o del uso que hagan de los datos. Si desea m\u00e1s informaci\u00f3n sobre esas pol\u00edticas, recomendamos visitar su p\u00e1gina principal y seleccionar el enlace que lleva a la p\u00e1gina con informaci\u00f3n sobre este aspecto.<\/p>\n<h4>Protecci\u00f3n contra terceros<\/h4>\n<p>SCHEDAS, S.L. ha adoptado medidas de seguridad de protecci\u00f3n de datos y ha instalado todos los instrumentos t\u00e9cnicos a su alcance para evitar la p\u00e9rdida, uso indebido, alteraci\u00f3n, acceso no autorizado o robo de los datos personales que le fueran facilitados. Ello no obstante, el usuario debe ser consciente de que las medidas de seguridad en Internet no son inexpugnables. El usuario acepta que SCHEDAS, S.L. no ser\u00e1 responsable por los da\u00f1os, de cualquier naturaleza, que puedan derivarse para el mismo o para terceros, derivados directa o indirectamente del uso del sitio. Asimismo, los sitios y servicios de Internet a los que se accede a trav\u00e9s de www.schedas.com, pueden recabar informaci\u00f3n sobre su persona pidi\u00e9ndosela directamente y tener procedimientos de reuni\u00f3n de informaci\u00f3n y privacidad propios, independientes de los de SCHEDAS, S.L. SCHEDAS, S.L. no tiene responsabilidad por esas acciones o pol\u00edticas independientes.<\/p>\n<h4>Registro de direcciones IP<\/h4>\n<p>SCHEDAS, S.L. registra direcciones IP. Las direcciones IP son importantes para hacer un seguimiento de la sesi\u00f3n de un usuario. Esto le da a SCHEDAS, S.L. una idea de qu\u00e9 partes de nuestro sitio web est\u00e1n siendo visitadas por los usuarios. No establecemos enlaces entre las direcciones IP y ning\u00fan dato que permita hacer una identificaci\u00f3n personal de los usuarios. Esto significa que aunque se haga un seguimiento de su sesi\u00f3n, \u00e9sta permanecer\u00e1 totalmente en el anonimato.<\/p>\n<h4>Env\u00edo de mails promocionales<\/h4>\n<p>SCHEDAS, S.L. podr\u00e1 enviarle, si en alg\u00fan momento usted ha proporcionado su direcci\u00f3n de correo electr\u00f3nico, informaci\u00f3n relacionada con sus p\u00e1ginas en Internet y otros productos y servicios que considere que puedan llegar a ser de su inter\u00e9s. Siempre tendr\u00e1 la opci\u00f3n de darse de baja de la lista, de manera que no recibir\u00e1 m\u00e1s esta clase de mensajes. Ley org\u00e1nica de protecci\u00f3n de datos de car\u00e1cter personal De acuerdo con lo establecido en la Ley Org\u00e1nica 15\/1999, de 13 de diciembre, usted tiene en todo momento la posibilidad de acceder a los datos que haya proporcionado, modificarlos, eliminarlos u oponerse a ellos, para lo cual puede dirigirse por correo electr\u00f3nico a ofi[@]schedas.com, sin los corchetes, o si lo prefiere, tambi\u00e9n por escrito (no se olvide de incluir su nombre, direcci\u00f3n postal y\/o direcci\u00f3n de correo electr\u00f3nico) a: SCHEDAS, S.L.\u00a0Gaztambide, 26, pasadizo izquierdo, local 7, 28015 Madrid Espa\u00f1a<\/p>\n<h4>Aceptaci\u00f3n de los t\u00e9rminos<\/h4>\n<p>Si el usuario utiliza los servicios brindados a trav\u00e9s del sitio de SCHEDAS, S.L. www.schedas.com, significa que ha le\u00eddo, entendido y acepta en forma expresa los t\u00e9rminos antes expuestos. Se entender\u00e1 asimismo que cada vez que el usuario acceda al sitio, acepta de forma expresa las normas de privacidad vigentes. Si no est\u00e1 de acuerdo con ellas, el usuario no deber\u00e1 proporcionar ninguna informaci\u00f3n personal, ni utilizar el servicio porque no est\u00e1 autorizado para ello.<\/p>\n<h3>POL\u00cdTICA DE COOKIES<\/h3>\n<p>a) Utilizaci\u00f3n de Cookies por nuestra Web b) Tipolog\u00eda, finalidad y funcionamiento de las Cookies c) C\u00f3mo deshabilitar las Cookies en los principales navegadores d) Qu\u00e9 ocurre si se deshabilitan las Cookies a) Utilizaci\u00f3n de Cookies por nuestra Web: Nuestra Web utiliza \u00a8Cookies\u00a8, y otros mecanismos similares (en adelante, Cookies). Las Cookies son ficheros enviados a un navegador por medio de un servidor web para registrar las actividades del Usuario en una web determinada o en todas las webs, apps, contenidos y\/o servicios de nuestra Web (en adelante, los Servicios). Adem\u00e1s, en el caso de los usuarios registrados, las Cookies personalizan los Servicios que ofrecen nuestra Web. Las Cookies se asocian \u00fanicamente a un Usuario an\u00f3nimo y su ordenador y no proporcionan referencias que permitan deducir datos personales del Usuario. El Usuario podr\u00e1 configurar su navegador para que notifique y rechace la instalaci\u00f3n de las Cookies enviadas por nuestra Web; sin embargo, le hacemos notar que la calidad de funcionamiento de la p\u00e1gina Web puede disminuir. As\u00ed mismo, los Usuarios registrados no podr\u00e1n iniciar sesi\u00f3n, ni por tanto acceder a los Servicios espec\u00edficamente autorizados a su perfil de usuario. Dichos Usuarios autorizan expresamente el uso de esta informaci\u00f3n con la finalidad indicada, sin perjuicio de su derecho a rechazar o deshabilitar el uso de cookies. b) Tipolog\u00eda, finalidad y funcionamiento de las Cookies: Las Cookies, en funci\u00f3n de su permanencia, pueden dividirse en Cookies de sesi\u00f3n o permanentes. Las primeras expiran cuando el Usuario cierra el navegador. Las segundas expiran en funci\u00f3n de cuando se cumpla el objetivo para el que sirven (por ejemplo, para que el Usuario se mantenga identificado en los Servicios de SCHEDAS) o bien cuando se borran manualmente. Adicionalmente, en funci\u00f3n de su objetivo, las Cookies empleadas por SCHEDAS pueden clasificarse de la siguiente forma: COOKIES DE RENDIMIENTO: Este tipo de Cookie recuerda sus preferencias para las herramientas que se encuentran en los Servicios, por lo que no tiene que volver a configurar el servicio cada vez que usted visita. A modo de ejemplo, en esta tipolog\u00eda se incluyen: Ajustes de volumen de reproductores de v\u00eddeo o sonido. Las velocidades de transmisi\u00f3n de v\u00eddeo que sean compatibles con su navegador. Los objetos guardados en el \u201ccarrito de la compra\u201d en los Servicios de E-commerce tales como tiendas. COOKIES DE GEO-LOCALIZACI\u00d3N: Estas Cookies son utilizadas para averiguar en qu\u00e9 pa\u00eds se encuentra cuando se solicita un Servicio. Esta Cookie es totalmente an\u00f3nima, y s\u00f3lo se utiliza para ayudar a orientar el contenido a su ubicaci\u00f3n. COOKIES DE REGISTRO: Las Cookies de registro se generan una vez que el Usuario se ha registrado o posteriormente ha abierto su sesi\u00f3n, y se utilizan para identificarle en los Servicios con los siguientes objetivos: Mantener al Usuario identificado de forma que, si cierra un Servicio, el navegador o el ordenador y en otro momento u otro d\u00eda vuelve a entrar en dicho Servicio, seguir\u00e1 identificado, facilitando as\u00ed su navegaci\u00f3n sin tener que volver a identificarse. Esta funcionalidad se puede suprimir si el Usuario pulsa la funcionalidad \u201ccerrar sesi\u00f3n\u201d, de forma que esta Cookie se elimina y la pr\u00f3xima vez que entre en el Servicio el Usuario tendr\u00e1 que iniciar sesi\u00f3n para estar identificado. Comprobar si el Usuario est\u00e1 autorizado para acceder a ciertos Servicios. Adicionalmente, algunos Servicios pueden utilizar conectores con redes sociales tales como Facebook o Twitter. Cuando el Usuario se registra en un Servicio con credenciales de una red social, autoriza a la red social a guardar una Cookie persistente que recuerda su identidad y le garantiza acceso a los Servicios hasta que expira. El Usuario puede borrar esta Cookie y revocar el acceso a los Servicios mediante redes sociales actualizando sus preferencias en la red social que espec\u00edfica. COOKIES DE ANAL\u00cdTICAS: Cada vez que un Usuario visita un Servicio, una herramienta de un proveedor externo (Google Analytics y similares que podr\u00e1n a\u00f1adirse a este listado en caso de que var\u00eden en relaci\u00f3n con los actuales) genera una Cookie anal\u00edtica en el ordenador del Usuario. Esta Cookie que s\u00f3lo se genera en la visita, servir\u00e1 en pr\u00f3ximas visitas a los Servicios de Alianza Editorial para identificar de forma an\u00f3nima al visitante. Los objetivos principales que se persiguen son: Permitir la identificaci\u00f3n an\u00f3nima de los Usuarios navegantes a trav\u00e9s de la \u201cCookie\u201d (identifica navegadores y dispositivos, no personas) y por lo tanto la contabilizaci\u00f3n aproximada del n\u00famero de visitantes y su tendencia en el tiempo. Identificar de forma an\u00f3nima los contenidos m\u00e1s visitados y por lo tanto m\u00e1s atractivos para los Usuarios. Saber si el Usuario que est\u00e1 accediendo es nuevo o repite visita. Importante: La \u201cCookie\u201d nunca ir\u00e1 asociada a ning\u00fan dato de car\u00e1cter personal que pueda identificarle. Dichas Cookies s\u00f3lo ser\u00e1n utilizadas con prop\u00f3sitos estad\u00edsticos que ayuden a la optimizaci\u00f3n de la experiencia de los Usuarios en el sitio. M\u00e1s informaci\u00f3n sobre la pol\u00edtica de privacidad de Google Analytics en: http:\/\/www.google.com\/intl\/es_es\/analytics\/privacyoverview.html c) C\u00f3mo deshabilitar las Cookies en los principales navegadores: Normalmente es posible dejar de aceptar las Cookies del navegador, o dejar de aceptar las Cookies de un Servicio en particular. Todos los navegadores modernos permiten cambiar la configuraci\u00f3n de Cookies. Estos ajustes normalmente se encuentran en las \u2018opciones\u2019 o \u2018Preferencias\u2019 del men\u00fa de su navegador. Nuestra Web ofrecen orientaci\u00f3n al Usuario sobre los pasos para acceder al men\u00fa de configuraci\u00f3n de las cookies y, en su caso, de la navegaci\u00f3n privada en cada uno de los navegadores principales: Internet Explorer: Herramientas -&gt; Opciones de Internet -&gt; Privacidad -&gt; Configuraci\u00f3n. Para m\u00e1s informaci\u00f3n, puede consultar el soporte de Microsoft o la Ayuda del navegador. Firefox: Herramientas -&gt; Opciones -&gt; Privacidad -&gt; Historial -&gt; Configuraci\u00f3n Personalizada. Para m\u00e1s informaci\u00f3n, puede consultar el soporte de Mozilla o la Ayuda del navegador. Chrome: Configuraci\u00f3n -&gt; Mostrar opciones avanzadas -&gt; Privacidad -&gt; Configuraci\u00f3n de contenido. Para m\u00e1s informaci\u00f3n, puede consultar el soporte de Google o la Ayuda del navegador. Safari: Preferencias -&gt; Seguridad. Para m\u00e1s informaci\u00f3n, puede consultar el soporte de Apple o la Ayuda del navegador. d) Qu\u00e9 ocurre si se deshabilitan las Cookies: Algunas funcionalidades de los Servicios quedar\u00e1n deshabilitados como, por ejemplo, permaneceridentificado, mantener las compras en el \u201ccarrito de la compra\u201d en un Servicio de e-commerce, recibir informaci\u00f3n dirigida a su localizaci\u00f3n o la visualizaci\u00f3n de algunos v\u00eddeos, as\u00ed como el acceso a Servicios espec\u00edficamente autorizados para el usuario ACTUALIZACIONES Y CAMBIOS EN LA POL\u00cdTICA DE PRIVACIDAD \/ COOKIES: Nuestra Web pueden modificar esta Pol\u00edtica de Cookies en funci\u00f3n de exigencias legislativas, reglamentarias, o con la finalidad de adaptar dicha pol\u00edtica a las instrucciones dictadas por la Agencia Espa\u00f1ola de Protecci\u00f3n de Datos, por ello se aconseja a los Usuarios que la visiten peri\u00f3dicamente.Cuando se produzcan cambios significativos en esta Pol\u00edtica de Cookies, se comunicar\u00e1n a los Usuarios a trav\u00e9s de la web.<\/p>\n","protected":false},"excerpt":{"rendered":"<p>CONDICIONES DE UTILIZACI\u00d3N ACEPTACI\u00d3N DE LAS CONDICIONES SCHEDAS, S.L. pone a disposici\u00f3n de sus usuarios en este sitio un conjunto de informaciones, cat\u00e1logos, archivos y documentos as\u00ed como varios servicios cuyo uso est\u00e1 sujeto a los t\u00e9rminos y condiciones contenidos<span class=\"ellipsis\">&hellip;<\/span><\/p>\n<div class=\"read-more\"><a href=\"https:\/\/www.schedas.com\/?page_id=62\">Read more &#8250;<\/a><\/div>\n<p><!-- end of .read-more --><\/p>\n","protected":false},"author":1,"featured_media":0,"parent":0,"menu_order":0,"comment_status":"closed","ping_status":"open","template":"","meta":[],"_links":{"self":[{"href":"https:\/\/www.schedas.com\/index.php?rest_route=\/wp\/v2\/pages\/62"}],"collection":[{"href":"https:\/\/www.schedas.com\/index.php?rest_route=\/wp\/v2\/pages"}],"about":[{"href":"https:\/\/www.schedas.com\/index.php?rest_route=\/wp\/v2\/types\/page"}],"author":[{"embeddable":true,"href":"https:\/\/www.schedas.com\/index.php?rest_route=\/wp\/v2\/users\/1"}],"replies":[{"embeddable":true,"href":"https:\/\/www.schedas.com\/index.php?rest_route=%2Fwp%2Fv2%2Fcomments&post=62"}],"version-history":[{"count":14,"href":"https:\/\/www.schedas.com\/index.php?rest_route=\/wp\/v2\/pages\/62\/revisions"}],"predecessor-version":[{"id":661,"href":"https:\/\/www.schedas.com\/index.php?rest_route=\/wp\/v2\/pages\/62\/revisions\/661"}],"wp:attachment":[{"href":"https:\/\/www.schedas.com\/index.php?rest_route=%2Fwp%2Fv2%2Fmedia&parent=62"}],"curies":[{"name":"wp","href":"https:\/\/api.w.org\/{rel}","templated":true}]}}